{"id":6457,"date":"2016-10-04T12:16:47","date_gmt":"2016-10-04T12:16:47","guid":{"rendered":"https:\/\/savory.qodeinteractive.com\/?page_id=6457"},"modified":"2026-03-05T13:07:21","modified_gmt":"2026-03-05T13:07:21","slug":"our-menu","status":"publish","type":"page","link":"https:\/\/olympicsky.pl\/?page_id=6457","title":{"rendered":"Nasze menu"},"content":{"rendered":"<div class=\"wpb-content-wrapper\"><p>[vc_row content_width=&#8221;grid&#8221; content_aligment=&#8221;center&#8221; css=&#8221;.vc_custom_1476868161789{padding-top: 95px !important;padding-bottom: 60px !important;}&#8221;][vc_column offset=&#8221;vc_col-lg-offset-3 vc_col-lg-6 vc_col-md-offset-1 vc_col-md-10&#8243;]<div class=\"eltd-section-title-outer-holder\" style=\"text-align: center\">\n\n\t\n\t\t\t<div class=\"eltd-section-title-title-holder\">\n\t\t\t\t<h2 class=\"eltd-section-title\" style=\";font-size: 42px;;font-weight: 600;line-height: 63px;text-transform: Uppercase;letter-spacing: 5px;\">\n\t\t\t\tPrzystawki\t\t\t\t<\/h2>\n\t\t<\/div>\n\t\n<\/div>[\/vc_column][\/vc_row][vc_row content_width=&#8221;grid&#8221; css=&#8221;.vc_custom_1475488417808{padding-bottom: 60px !important;}&#8221;][vc_column offset=&#8221;vc_col-lg-6 vc_col-md-6&#8243;]<div class=\"eltd-restaurant-menu\" ><div class=\"eltd-restaurant-menu-holder\"><div class=\"eltd-rstrnt-item\">\n\n\t\n\t<div class=\"eltd-rstrnt-item-inner\">\n\n\t\t\n\t\t\t<div class=\"eltd-rstrnt-title-price-holder clearfix\">\n\n\t\t\t\t\n\t\t\t\t\t<h5 class=\"eltd-rstrnt-title\">\n\t\t\t\t\t\t<span class=\"eltd-rstrnt-title-area\" >\n\t\t\t\t\t\t\tChleb z mas\u0142em\t\t\t\t\t\t\t\t\t\t\t\t\t<\/span>\n\t\t\t\t\t<\/h5>\n\t\t\t\t\n\t\t\t\t\t<div class=\"eltd-rstrnt-price-holder\">\n\t\t\t\t\t\t<h5 class=\"eltd-rstrnt-price\">\n\t\t\t\t\t\t\t<span class=\"eltd-rstrnt-currency\">PLN<\/span>\n\t\t\t\t\t\t\t<span class=\"eltd-rstrnt-number\">15<\/span>\n\t\t\t\t\t\t<\/h5>\n\t\t\t\t\t<\/div>\n\n\t\t\t\t\n\t\t\t<\/div>\n\n\t\t\n\t\t\t<\/div>\n<\/div><div class=\"eltd-rstrnt-item\">\n\n\t\n\t<div class=\"eltd-rstrnt-item-inner\">\n\n\t\t\n\t\t\t<div class=\"eltd-rstrnt-title-price-holder clearfix\">\n\n\t\t\t\t\n\t\t\t\t\t<h5 class=\"eltd-rstrnt-title\">\n\t\t\t\t\t\t<span class=\"eltd-rstrnt-title-area\" >\n\t\t\t\t\t\t\tOstryga Gillardeau\t\t\t\t\t\t\t\t\t\t\t\t\t<\/span>\n\t\t\t\t\t<\/h5>\n\t\t\t\t\n\t\t\t\t\t<div class=\"eltd-rstrnt-price-holder\">\n\t\t\t\t\t\t<h5 class=\"eltd-rstrnt-price\">\n\t\t\t\t\t\t\t<span class=\"eltd-rstrnt-currency\">PLN<\/span>\n\t\t\t\t\t\t\t<span class=\"eltd-rstrnt-number\">18<\/span>\n\t\t\t\t\t\t<\/h5>\n\t\t\t\t\t<\/div>\n\n\t\t\t\t\n\t\t\t<\/div>\n\n\t\t\n\t\t\t<\/div>\n<\/div><div class=\"eltd-rstrnt-item\">\n\n\t\n\t<div class=\"eltd-rstrnt-item-inner\">\n\n\t\t\n\t\t\t<div class=\"eltd-rstrnt-title-price-holder clearfix\">\n\n\t\t\t\t\n\t\t\t\t\t<h5 class=\"eltd-rstrnt-title\">\n\t\t\t\t\t\t<span class=\"eltd-rstrnt-title-area\" >\n\t\t\t\t\t\t\tTatar wo\u0142owy\t\t\t\t\t\t\t\t\t\t\t\t\t<\/span>\n\t\t\t\t\t<\/h5>\n\t\t\t\t\n\t\t\t\t\t<div class=\"eltd-rstrnt-price-holder\">\n\t\t\t\t\t\t<h5 class=\"eltd-rstrnt-price\">\n\t\t\t\t\t\t\t<span class=\"eltd-rstrnt-currency\">PLN<\/span>\n\t\t\t\t\t\t\t<span class=\"eltd-rstrnt-number\">52<\/span>\n\t\t\t\t\t\t<\/h5>\n\t\t\t\t\t<\/div>\n\n\t\t\t\t\n\t\t\t<\/div>\n\n\t\t\n\t\t\t\t\t<p class=\"eltd-rstrnt-desc\">z lubczykiem i topinamburem<\/p>\n\t\t\t<\/div>\n<\/div><\/div><\/div>[vc_empty_space height=&#8221;40px&#8221;][\/vc_column][vc_column offset=&#8221;vc_col-lg-6 vc_col-md-6&#8243;]<div class=\"eltd-restaurant-menu\" ><div class=\"eltd-restaurant-menu-holder\"><div class=\"eltd-rstrnt-item\">\n\n\t\n\t<div class=\"eltd-rstrnt-item-inner\">\n\n\t\t\n\t\t\t<div class=\"eltd-rstrnt-title-price-holder clearfix\">\n\n\t\t\t\t\n\t\t\t\t\t<h5 class=\"eltd-rstrnt-title\">\n\t\t\t\t\t\t<span class=\"eltd-rstrnt-title-area\" >\n\t\t\t\t\t\t\tTatar z \u0142ososia\t\t\t\t\t\t\t\t\t\t\t\t\t<\/span>\n\t\t\t\t\t<\/h5>\n\t\t\t\t\n\t\t\t\t\t<div class=\"eltd-rstrnt-price-holder\">\n\t\t\t\t\t\t<h5 class=\"eltd-rstrnt-price\">\n\t\t\t\t\t\t\t<span class=\"eltd-rstrnt-currency\">PLN<\/span>\n\t\t\t\t\t\t\t<span class=\"eltd-rstrnt-number\">49<\/span>\n\t\t\t\t\t\t<\/h5>\n\t\t\t\t\t<\/div>\n\n\t\t\t\t\n\t\t\t<\/div>\n\n\t\t\n\t\t\t\t\t<p class=\"eltd-rstrnt-desc\">z wasabi i og\u00f3rkiem<\/p>\n\t\t\t<\/div>\n<\/div><div class=\"eltd-rstrnt-item\">\n\n\t\n\t<div class=\"eltd-rstrnt-item-inner\">\n\n\t\t\n\t\t\t<div class=\"eltd-rstrnt-title-price-holder clearfix\">\n\n\t\t\t\t\n\t\t\t\t\t<h5 class=\"eltd-rstrnt-title\">\n\t\t\t\t\t\t<span class=\"eltd-rstrnt-title-area\" >\n\t\t\t\t\t\t\tKrewetki\t\t\t\t\t\t\t\t\t\t\t\t\t<\/span>\n\t\t\t\t\t<\/h5>\n\t\t\t\t\n\t\t\t\t\t<div class=\"eltd-rstrnt-price-holder\">\n\t\t\t\t\t\t<h5 class=\"eltd-rstrnt-price\">\n\t\t\t\t\t\t\t<span class=\"eltd-rstrnt-currency\">PLN<\/span>\n\t\t\t\t\t\t\t<span class=\"eltd-rstrnt-number\">42<\/span>\n\t\t\t\t\t\t<\/h5>\n\t\t\t\t\t<\/div>\n\n\t\t\t\t\n\t\t\t<\/div>\n\n\t\t\n\t\t\t\t\t<p class=\"eltd-rstrnt-desc\">z polent\u0105 i parmezanem<\/p>\n\t\t\t<\/div>\n<\/div><div class=\"eltd-rstrnt-item\">\n\n\t\n\t<div class=\"eltd-rstrnt-item-inner\">\n\n\t\t\n\t\t\t<div class=\"eltd-rstrnt-title-price-holder clearfix\">\n\n\t\t\t\t\n\t\t\t\t\t<h5 class=\"eltd-rstrnt-title\">\n\t\t\t\t\t\t<span class=\"eltd-rstrnt-title-area\" >\n\t\t\t\t\t\t\tBulion\t\t\t\t\t\t\t\t\t\t\t\t\t<\/span>\n\t\t\t\t\t<\/h5>\n\t\t\t\t\n\t\t\t\t\t<div class=\"eltd-rstrnt-price-holder\">\n\t\t\t\t\t\t<h5 class=\"eltd-rstrnt-price\">\n\t\t\t\t\t\t\t<span class=\"eltd-rstrnt-currency\">PLN<\/span>\n\t\t\t\t\t\t\t<span class=\"eltd-rstrnt-number\">33<\/span>\n\t\t\t\t\t\t<\/h5>\n\t\t\t\t\t<\/div>\n\n\t\t\t\t\n\t\t\t<\/div>\n\n\t\t\n\t\t\t\t\t<p class=\"eltd-rstrnt-desc\">z piero\u017ckami i marchewk\u0105<\/p>\n\t\t\t<\/div>\n<\/div><div class=\"eltd-rstrnt-item\">\n\n\t\n\t<div class=\"eltd-rstrnt-item-inner\">\n\n\t\t\n\t\t\t<div class=\"eltd-rstrnt-title-price-holder clearfix\">\n\n\t\t\t\t\n\t\t\t\t\t<h5 class=\"eltd-rstrnt-title\">\n\t\t\t\t\t\t<span class=\"eltd-rstrnt-title-area\" >\n\t\t\t\t\t\t\t\u017b\u00f3\u0142te curry\t\t\t\t\t\t\t\t\t\t\t\t\t<\/span>\n\t\t\t\t\t<\/h5>\n\t\t\t\t\n\t\t\t\t\t<div class=\"eltd-rstrnt-price-holder\">\n\t\t\t\t\t\t<h5 class=\"eltd-rstrnt-price\">\n\t\t\t\t\t\t\t<span class=\"eltd-rstrnt-currency\">PLN<\/span>\n\t\t\t\t\t\t\t<span class=\"eltd-rstrnt-number\">35<\/span>\n\t\t\t\t\t\t<\/h5>\n\t\t\t\t\t<\/div>\n\n\t\t\t\t\n\t\t\t<\/div>\n\n\t\t\n\t\t\t\t\t<p class=\"eltd-rstrnt-desc\">z kolendr\u0105 i cieciork\u0105<\/p>\n\t\t\t<\/div>\n<\/div><\/div><\/div>[vc_empty_space height=&#8221;40px&#8221;][\/vc_column][\/vc_row][vc_row content_width=&#8221;grid&#8221; content_aligment=&#8221;center&#8221; css=&#8221;.vc_custom_1476868274070{padding-top: 95px !important;padding-bottom: 60px !important;}&#8221;][vc_column offset=&#8221;vc_col-lg-offset-3 vc_col-lg-6 vc_col-md-offset-1 vc_col-md-10&#8243;]<div class=\"eltd-section-title-outer-holder\" style=\"text-align: center\">\n\n\t\n\t\t\t<div class=\"eltd-section-title-title-holder\">\n\t\t\t\t<h2 class=\"eltd-section-title\" style=\";font-size: 42px;;font-weight: 600;line-height: 63px;text-transform: Uppercase;letter-spacing: 5px;\">\n\t\t\t\tDania g\u0142\u00f3wne\t\t\t\t<\/h2>\n\t\t<\/div>\n\t\n<\/div>[\/vc_column][\/vc_row][vc_row content_width=&#8221;grid&#8221; css=&#8221;.vc_custom_1475488417808{padding-bottom: 60px !important;}&#8221;][vc_column offset=&#8221;vc_col-lg-6 vc_col-md-6&#8243;]<div class=\"eltd-restaurant-menu\" ><div class=\"eltd-restaurant-menu-holder\"><div class=\"eltd-rstrnt-item\">\n\n\t\n\t<div class=\"eltd-rstrnt-item-inner\">\n\n\t\t\n\t\t\t<div class=\"eltd-rstrnt-title-price-holder clearfix\">\n\n\t\t\t\t\n\t\t\t\t\t<h5 class=\"eltd-rstrnt-title\">\n\t\t\t\t\t\t<span class=\"eltd-rstrnt-title-area\" >\n\t\t\t\t\t\t\tSchabowy\t\t\t\t\t\t\t\t\t\t\t\t\t<\/span>\n\t\t\t\t\t<\/h5>\n\t\t\t\t\n\t\t\t\t\t<div class=\"eltd-rstrnt-price-holder\">\n\t\t\t\t\t\t<h5 class=\"eltd-rstrnt-price\">\n\t\t\t\t\t\t\t<span class=\"eltd-rstrnt-currency\">PLN<\/span>\n\t\t\t\t\t\t\t<span class=\"eltd-rstrnt-number\">75<\/span>\n\t\t\t\t\t\t<\/h5>\n\t\t\t\t\t<\/div>\n\n\t\t\t\t\n\t\t\t<\/div>\n\n\t\t\n\t\t\t\t\t<p class=\"eltd-rstrnt-desc\">z brukselk\u0105 i kasztanami<\/p>\n\t\t\t<\/div>\n<\/div><div class=\"eltd-rstrnt-item\">\n\n\t\n\t<div class=\"eltd-rstrnt-item-inner\">\n\n\t\t\n\t\t\t<div class=\"eltd-rstrnt-title-price-holder clearfix\">\n\n\t\t\t\t\n\t\t\t\t\t<h5 class=\"eltd-rstrnt-title\">\n\t\t\t\t\t\t<span class=\"eltd-rstrnt-title-area\" >\n\t\t\t\t\t\t\tPol\u0119dwica wo\u0142owa\t\t\t\t\t\t\t\t\t\t\t\t\t<\/span>\n\t\t\t\t\t<\/h5>\n\t\t\t\t\n\t\t\t\t\t<div class=\"eltd-rstrnt-price-holder\">\n\t\t\t\t\t\t<h5 class=\"eltd-rstrnt-price\">\n\t\t\t\t\t\t\t<span class=\"eltd-rstrnt-currency\">PLN<\/span>\n\t\t\t\t\t\t\t<span class=\"eltd-rstrnt-number\">119<\/span>\n\t\t\t\t\t\t<\/h5>\n\t\t\t\t\t<\/div>\n\n\t\t\t\t\n\t\t\t<\/div>\n\n\t\t\n\t\t\t\t\t<p class=\"eltd-rstrnt-desc\">z kluskami \u015bl\u0105skimi i marchewk\u0105<\/p>\n\t\t\t<\/div>\n<\/div><div class=\"eltd-rstrnt-item\">\n\n\t\n\t<div class=\"eltd-rstrnt-item-inner\">\n\n\t\t\n\t\t\t<div class=\"eltd-rstrnt-title-price-holder clearfix\">\n\n\t\t\t\t\n\t\t\t\t\t<h5 class=\"eltd-rstrnt-title\">\n\t\t\t\t\t\t<span class=\"eltd-rstrnt-title-area\" >\n\t\t\t\t\t\t\tAntrykot wo\u0142owy\t\t\t\t\t\t\t\t\t\t\t\t\t<\/span>\n\t\t\t\t\t<\/h5>\n\t\t\t\t\n\t\t\t\t\t<div class=\"eltd-rstrnt-price-holder\">\n\t\t\t\t\t\t<h5 class=\"eltd-rstrnt-price\">\n\t\t\t\t\t\t\t<span class=\"eltd-rstrnt-currency\">PLN<\/span>\n\t\t\t\t\t\t\t<span class=\"eltd-rstrnt-number\">140<\/span>\n\t\t\t\t\t\t<\/h5>\n\t\t\t\t\t<\/div>\n\n\t\t\t\t\n\t\t\t<\/div>\n\n\t\t\n\t\t\t\t\t<p class=\"eltd-rstrnt-desc\">z frytkami i kimchi<\/p>\n\t\t\t<\/div>\n<\/div><\/div><\/div>[vc_empty_space height=&#8221;40px&#8221;][\/vc_column][vc_column offset=&#8221;vc_col-lg-6 vc_col-md-6&#8243;]<div class=\"eltd-restaurant-menu\" ><div class=\"eltd-restaurant-menu-holder\"><div class=\"eltd-rstrnt-item\">\n\n\t\n\t<div class=\"eltd-rstrnt-item-inner\">\n\n\t\t\n\t\t\t<div class=\"eltd-rstrnt-title-price-holder clearfix\">\n\n\t\t\t\t\n\t\t\t\t\t<h5 class=\"eltd-rstrnt-title\">\n\t\t\t\t\t\t<span class=\"eltd-rstrnt-title-area\" >\n\t\t\t\t\t\t\tPierogi\t\t\t\t\t\t\t\t\t\t\t\t\t<\/span>\n\t\t\t\t\t<\/h5>\n\t\t\t\t\n\t\t\t\t\t<div class=\"eltd-rstrnt-price-holder\">\n\t\t\t\t\t\t<h5 class=\"eltd-rstrnt-price\">\n\t\t\t\t\t\t\t<span class=\"eltd-rstrnt-currency\">PLN<\/span>\n\t\t\t\t\t\t\t<span class=\"eltd-rstrnt-number\">45<\/span>\n\t\t\t\t\t\t<\/h5>\n\t\t\t\t\t<\/div>\n\n\t\t\t\t\n\t\t\t<\/div>\n\n\t\t\n\t\t\t\t\t<p class=\"eltd-rstrnt-desc\">z kapust\u0105 i grzybami<\/p>\n\t\t\t<\/div>\n<\/div><div class=\"eltd-rstrnt-item\">\n\n\t\n\t<div class=\"eltd-rstrnt-item-inner\">\n\n\t\t\n\t\t\t<div class=\"eltd-rstrnt-title-price-holder clearfix\">\n\n\t\t\t\t\n\t\t\t\t\t<h5 class=\"eltd-rstrnt-title\">\n\t\t\t\t\t\t<span class=\"eltd-rstrnt-title-area\" >\n\t\t\t\t\t\t\tHalibut\t\t\t\t\t\t\t\t\t\t\t\t\t<\/span>\n\t\t\t\t\t<\/h5>\n\t\t\t\t\n\t\t\t\t\t<div class=\"eltd-rstrnt-price-holder\">\n\t\t\t\t\t\t<h5 class=\"eltd-rstrnt-price\">\n\t\t\t\t\t\t\t<span class=\"eltd-rstrnt-currency\">PLN<\/span>\n\t\t\t\t\t\t\t<span class=\"eltd-rstrnt-number\">78<\/span>\n\t\t\t\t\t\t<\/h5>\n\t\t\t\t\t<\/div>\n\n\t\t\t\t\n\t\t\t<\/div>\n\n\t\t\n\t\t\t\t\t<p class=\"eltd-rstrnt-desc\">z porem i cykori\u0105<\/p>\n\t\t\t<\/div>\n<\/div><div class=\"eltd-rstrnt-item\">\n\n\t\n\t<div class=\"eltd-rstrnt-item-inner\">\n\n\t\t\n\t\t\t<div class=\"eltd-rstrnt-title-price-holder clearfix\">\n\n\t\t\t\t\n\t\t\t\t\t<h5 class=\"eltd-rstrnt-title\">\n\t\t\t\t\t\t<span class=\"eltd-rstrnt-title-area\" >\n\t\t\t\t\t\t\tMakaron\t\t\t\t\t\t\t\t\t\t\t\t\t<\/span>\n\t\t\t\t\t<\/h5>\n\t\t\t\t\n\t\t\t\t\t<div class=\"eltd-rstrnt-price-holder\">\n\t\t\t\t\t\t<h5 class=\"eltd-rstrnt-price\">\n\t\t\t\t\t\t\t<span class=\"eltd-rstrnt-currency\">PLN<\/span>\n\t\t\t\t\t\t\t<span class=\"eltd-rstrnt-number\">49<\/span>\n\t\t\t\t\t\t<\/h5>\n\t\t\t\t\t<\/div>\n\n\t\t\t\t\n\t\t\t<\/div>\n\n\t\t\n\t\t\t\t\t<p class=\"eltd-rstrnt-desc\">z \u017c\u00f3\u0142tkiem i boczkiem<\/p>\n\t\t\t<\/div>\n<\/div><\/div><\/div>[vc_empty_space height=&#8221;40px&#8221;][\/vc_column][\/vc_row][vc_row content_width=&#8221;grid&#8221; content_aligment=&#8221;center&#8221; css=&#8221;.vc_custom_1476868298147{padding-top: 95px !important;padding-bottom: 60px !important;}&#8221;][vc_column offset=&#8221;vc_col-lg-offset-3 vc_col-lg-6 vc_col-md-offset-1 vc_col-md-10&#8243;]<div class=\"eltd-section-title-outer-holder\" style=\"text-align: center\">\n\n\t\n\t\t\t<div class=\"eltd-section-title-title-holder\">\n\t\t\t\t<h2 class=\"eltd-section-title\" style=\";font-size: 42px;;font-weight: 600;line-height: 63px;text-transform: Uppercase;letter-spacing: 5px;\">\n\t\t\t\tDesery\t\t\t\t<\/h2>\n\t\t<\/div>\n\t\n<\/div>[\/vc_column][\/vc_row][vc_row content_width=&#8221;grid&#8221; css=&#8221;.vc_custom_1475488417808{padding-bottom: 60px !important;}&#8221;][vc_column offset=&#8221;vc_col-lg-6 vc_col-md-6&#8243;]<div class=\"eltd-restaurant-menu\" ><div class=\"eltd-restaurant-menu-holder\"><div class=\"eltd-rstrnt-item\">\n\n\t\n\t<div class=\"eltd-rstrnt-item-inner\">\n\n\t\t\n\t\t\t<div class=\"eltd-rstrnt-title-price-holder clearfix\">\n\n\t\t\t\t\n\t\t\t\t\t<h5 class=\"eltd-rstrnt-title\">\n\t\t\t\t\t\t<span class=\"eltd-rstrnt-title-area\" >\n\t\t\t\t\t\t\tFondant czekoladowy\t\t\t\t\t\t\t\t\t\t\t\t\t<\/span>\n\t\t\t\t\t<\/h5>\n\t\t\t\t\n\t\t\t\t\t<div class=\"eltd-rstrnt-price-holder\">\n\t\t\t\t\t\t<h5 class=\"eltd-rstrnt-price\">\n\t\t\t\t\t\t\t<span class=\"eltd-rstrnt-currency\">PLN<\/span>\n\t\t\t\t\t\t\t<span class=\"eltd-rstrnt-number\">33<\/span>\n\t\t\t\t\t\t<\/h5>\n\t\t\t\t\t<\/div>\n\n\t\t\t\t\n\t\t\t<\/div>\n\n\t\t\n\t\t\t\t\t<p class=\"eltd-rstrnt-desc\">z lodami bananowymi<\/p>\n\t\t\t<\/div>\n<\/div><div class=\"eltd-rstrnt-item\">\n\n\t\n\t<div class=\"eltd-rstrnt-item-inner\">\n\n\t\t\n\t\t\t<div class=\"eltd-rstrnt-title-price-holder clearfix\">\n\n\t\t\t\t\n\t\t\t\t\t<h5 class=\"eltd-rstrnt-title\">\n\t\t\t\t\t\t<span class=\"eltd-rstrnt-title-area\" >\n\t\t\t\t\t\t\tMus waniliowy\t\t\t\t\t\t\t\t\t\t\t\t\t<\/span>\n\t\t\t\t\t<\/h5>\n\t\t\t\t\n\t\t\t\t\t<div class=\"eltd-rstrnt-price-holder\">\n\t\t\t\t\t\t<h5 class=\"eltd-rstrnt-price\">\n\t\t\t\t\t\t\t<span class=\"eltd-rstrnt-currency\">PLN<\/span>\n\t\t\t\t\t\t\t<span class=\"eltd-rstrnt-number\">30<\/span>\n\t\t\t\t\t\t<\/h5>\n\t\t\t\t\t<\/div>\n\n\t\t\t\t\n\t\t\t<\/div>\n\n\t\t\n\t\t\t\t\t<p class=\"eltd-rstrnt-desc\">z cytrynowym kremem i sorbetem malinowym<\/p>\n\t\t\t<\/div>\n<\/div><\/div><\/div>[vc_empty_space height=&#8221;40px&#8221;][\/vc_column][vc_column offset=&#8221;vc_col-lg-6 vc_col-md-6&#8243;]<div class=\"eltd-restaurant-menu\" ><div class=\"eltd-restaurant-menu-holder\"><\/div><\/div>[vc_empty_space height=&#8221;40px&#8221;][\/vc_column][\/vc_row]<\/p>\n<\/div>","protected":false},"excerpt":{"rendered":"<p>[vc_row content_width=&#8221;grid&#8221; content_aligment=&#8221;center&#8221; css=&#8221;.vc_custom_1476868161789{padding-top: 95px !important;padding-bottom: 60px !important;}&#8221;][vc_column offset=&#8221;vc_col-lg-offset-3 vc_col-lg-6 vc_col-md-offset-1 vc_col-md-10&#8243;][\/vc_column][\/vc_row][vc_row content_width=&#8221;grid&#8221; css=&#8221;.vc_custom_1475488417808{padding-bottom: 60px !important;}&#8221;][vc_column offset=&#8221;vc_col-lg-6 vc_col-md-6&#8243;][vc_empty_space height=&#8221;40px&#8221;][\/vc_column][vc_column offset=&#8221;vc_col-lg-6 vc_col-md-6&#8243;][vc_empty_space height=&#8221;40px&#8221;][\/vc_column][\/vc_row][vc_row content_width=&#8221;grid&#8221; content_aligment=&#8221;center&#8221; css=&#8221;.vc_custom_1476868274070{padding-top: 95px !important;padding-bottom: 60px !important;}&#8221;][vc_column offset=&#8221;vc_col-lg-offset-3 vc_col-lg-6 vc_col-md-offset-1 vc_col-md-10&#8243;][\/vc_column][\/vc_row][vc_row content_width=&#8221;grid&#8221; css=&#8221;.vc_custom_1475488417808{padding-bottom: 60px !important;}&#8221;][vc_column offset=&#8221;vc_col-lg-6 vc_col-md-6&#8243;][vc_empty_space height=&#8221;40px&#8221;][\/vc_column][vc_column offset=&#8221;vc_col-lg-6 vc_col-md-6&#8243;][vc_empty_space height=&#8221;40px&#8221;][\/vc_column][\/vc_row][vc_row content_width=&#8221;grid&#8221; content_aligment=&#8221;center&#8221;&#8230;<\/p>\n","protected":false},"author":5,"featured_media":0,"parent":0,"menu_order":0,"comment_status":"closed","ping_status":"closed","template":"full-width.php","meta":{"footnotes":""},"class_list":["post-6457","page","type-page","status-publish","hentry"],"_links":{"self":[{"href":"https:\/\/olympicsky.pl\/index.php?rest_route=\/wp\/v2\/pages\/6457","targetHints":{"allow":["GET"]}}],"collection":[{"href":"https:\/\/olympicsky.pl\/index.php?rest_route=\/wp\/v2\/pages"}],"about":[{"href":"https:\/\/olympicsky.pl\/index.php?rest_route=\/wp\/v2\/types\/page"}],"author":[{"embeddable":true,"href":"https:\/\/olympicsky.pl\/index.php?rest_route=\/wp\/v2\/users\/5"}],"replies":[{"embeddable":true,"href":"https:\/\/olympicsky.pl\/index.php?rest_route=%2Fwp%2Fv2%2Fcomments&post=6457"}],"version-history":[{"count":79,"href":"https:\/\/olympicsky.pl\/index.php?rest_route=\/wp\/v2\/pages\/6457\/revisions"}],"predecessor-version":[{"id":9072,"href":"https:\/\/olympicsky.pl\/index.php?rest_route=\/wp\/v2\/pages\/6457\/revisions\/9072"}],"wp:attachment":[{"href":"https:\/\/olympicsky.pl\/index.php?rest_route=%2Fwp%2Fv2%2Fmedia&parent=6457"}],"curies":[{"name":"wp","href":"https:\/\/api.w.org\/{rel}","templated":true}]}}